{"id":2237,"date":"2026-01-14T10:49:55","date_gmt":"2026-01-14T09:49:55","guid":{"rendered":"https:\/\/yogahipiclub.com\/sup-yoga-ice-bath\/"},"modified":"2026-03-10T09:56:38","modified_gmt":"2026-03-10T08:56:38","slug":"sup-yoga-ice-bath","status":"publish","type":"page","link":"https:\/\/yogahipiclub.com\/en\/activities\/sup-yoga-ice-bath\/","title":{"rendered":"SUP Yoga &amp; Ice Bath"},"content":{"rendered":"\t\t<div data-elementor-type=\"wp-page\" data-elementor-id=\"2237\" class=\"elementor elementor-2237 elementor-1686\" data-elementor-post-type=\"page\">\n\t\t\t\t<div class=\"elementor-element elementor-element-0f8a2d7 e-con-full e-flex e-con e-parent\" data-id=\"0f8a2d7\" data-element_type=\"container\" data-e-type=\"container\">\n\t\t\t\t<div class=\"elementor-element elementor-element-e924558 elementor-widget-divider--view-line elementor-widget elementor-widget-divider\" data-id=\"e924558\" data-element_type=\"widget\" data-e-type=\"widget\" data-widget_type=\"divider.default\">\n\t\t\t\t\t\t\t<div class=\"elementor-divider\">\n\t\t\t<span class=\"elementor-divider-separator\">\n\t\t\t\t\t\t<\/span>\n\t\t<\/div>\n\t\t\t\t\t\t<\/div>\n\t\t\t\t<\/div>\n\t\t<div class=\"elementor-element elementor-element-7e3f17e e-flex e-con-boxed e-con e-parent\" data-id=\"7e3f17e\" data-element_type=\"container\" data-e-type=\"container\">\n\t\t\t\t\t<div class=\"e-con-inner\">\n\t\t\t\t<div class=\"elementor-element elementor-element-252d8bf elementor-widget elementor-widget-breadcrumbs\" data-id=\"252d8bf\" data-element_type=\"widget\" data-e-type=\"widget\" data-widget_type=\"breadcrumbs.default\">\n\t\t\t\t\t<p id=\"breadcrumbs\"><span><span><a href=\"https:\/\/yogahipiclub.com\/en\/\">Home<\/a><\/span><\/span><\/p>\t\t\t\t<\/div>\n\t\t\t\t\t<\/div>\n\t\t\t\t<\/div>\n\t\t<div class=\"elementor-element elementor-element-ae5fb30 e-flex e-con-boxed e-con e-parent\" data-id=\"ae5fb30\" data-element_type=\"container\" data-e-type=\"container\">\n\t\t\t\t\t<div class=\"e-con-inner\">\n\t\t<div class=\"elementor-element elementor-element-b60c521 e-con-full e-flex e-con e-child\" data-id=\"b60c521\" data-element_type=\"container\" data-e-type=\"container\">\n\t\t<div class=\"elementor-element elementor-element-5147e91 e-con-full e-flex e-con e-child\" data-id=\"5147e91\" data-element_type=\"container\" data-e-type=\"container\">\n\t\t\t\t<div class=\"elementor-element elementor-element-5792614 elementor-widget elementor-widget-heading\" data-id=\"5792614\" data-element_type=\"widget\" data-e-type=\"widget\" data-widget_type=\"heading.default\">\n\t\t\t\t\t<h2 class=\"elementor-heading-title elementor-size-default\">SUP Yoga &amp; Ice Bath<\/h2>\t\t\t\t<\/div>\n\t\t\t\t<div class=\"elementor-element elementor-element-3f390dd elementor-widget elementor-widget-heading\" data-id=\"3f390dd\" data-element_type=\"widget\" data-e-type=\"widget\" data-widget_type=\"heading.default\">\n\t\t\t\t\t<h2 class=\"elementor-heading-title elementor-size-default\">Yoga Hipiclub by Shaka Surf Castelldefels<\/h2>\t\t\t\t<\/div>\n\t\t\t\t<\/div>\n\t\t<div class=\"elementor-element elementor-element-67c42fc e-con-full peso-500 e-flex e-con e-child\" data-id=\"67c42fc\" data-element_type=\"container\" data-e-type=\"container\">\n\t\t\t\t<div class=\"elementor-element elementor-element-47c8919 elementor-widget elementor-widget-text-editor\" data-id=\"47c8919\" data-element_type=\"widget\" data-e-type=\"widget\" data-widget_type=\"text-editor.default\">\n\t\t\t\t\t\t\t\t\t<p>At Yoga Hipiclub, we invite you to enjoy a unique experience where yoga meets the sea: <strong>SUP Yoga in collaboration with Shaka Surf Castelldefels<\/strong>. An initiative designed to take you off the mat, connect with nature and explore physical and mental balance in a lively and changing environment. <\/p><p>SUP Yoga is practised on a paddle surfboard, floating on the sea, which encourages us to develop <strong>presence, concentration and adaptation<\/strong>. It is not about seeking perfect postures, but about listening to the body, sharpening our attention and connecting with the movement of the water as part of the practice. The sea becomes our teacher, reminding us of the importance of inner stability in the face of external change.  <\/p><p>The activity includes a <strong>SUP board<\/strong> (although you can bring your own if you wish), a guided yoga session adapted to all levels, and an <strong>ice bath<\/strong> for those who want to experience the regenerative power of conscious cold: a practice that strengthens the nervous system, resilience and mental clarity.<\/p><p>At the end, we will share <strong>breakfast<\/strong>, a moment of integration, rest and gathering, to close the experience with enjoyment and community.<\/p><p>This activity is ideal whether you practise yoga regularly or simply want to try something new, active and mindful, in direct contact with the sea.<\/p>\t\t\t\t\t\t\t\t<\/div>\n\t\t\t\t<\/div>\n\t\t\t\t<\/div>\n\t\t<div class=\"elementor-element elementor-element-3aaf840 e-con-full peso-500 e-flex e-con e-child\" data-id=\"3aaf840\" data-element_type=\"container\" data-e-type=\"container\">\n\t\t\t\t<div class=\"elementor-element elementor-element-99644fe elementor-widget elementor-widget-image\" data-id=\"99644fe\" data-element_type=\"widget\" data-e-type=\"widget\" data-widget_type=\"image.default\">\n\t\t\t\t\t\t\t\t\t\t\t\t\t\t\t<img fetchpriority=\"high\" decoding=\"async\" width=\"356\" height=\"356\" src=\"https:\/\/yogahipiclub.com\/wp-content\/uploads\/2026\/01\/Ceremonia-de-cacao-2025-YogaHipiclub-1-8.png\" class=\"attachment-large size-large wp-image-2238\" alt=\"\" srcset=\"https:\/\/yogahipiclub.com\/wp-content\/uploads\/2026\/01\/Ceremonia-de-cacao-2025-YogaHipiclub-1-8.png 356w, https:\/\/yogahipiclub.com\/wp-content\/uploads\/2026\/01\/Ceremonia-de-cacao-2025-YogaHipiclub-1-8-300x300.png 300w, https:\/\/yogahipiclub.com\/wp-content\/uploads\/2026\/01\/Ceremonia-de-cacao-2025-YogaHipiclub-1-8-150x150.png 150w\" sizes=\"(max-width: 356px) 100vw, 356px\" \/>\t\t\t\t\t\t\t\t\t\t\t\t\t\t\t<\/div>\n\t\t<div class=\"elementor-element elementor-element-266d28d e-con-full e-flex e-con e-child\" data-id=\"266d28d\" data-element_type=\"container\" data-e-type=\"container\">\n\t\t\t\t<div class=\"elementor-element elementor-element-801f010 elementor-widget__width-initial elementor-view-default elementor-widget elementor-widget-icon\" data-id=\"801f010\" data-element_type=\"widget\" data-e-type=\"widget\" data-widget_type=\"icon.default\">\n\t\t\t\t\t\t\t<div class=\"elementor-icon-wrapper\">\n\t\t\t<div class=\"elementor-icon\">\n\t\t\t<svg xmlns=\"http:\/\/www.w3.org\/2000\/svg\" width=\"18\" height=\"18\" viewBox=\"0 0 18 18\" fill=\"none\"><g clip-path=\"url(#clip0_546_1590)\"><path d=\"M13.5 3H4.5C2.84315 3 1.5 4.34315 1.5 6V13.5C1.5 15.1569 2.84315 16.5 4.5 16.5H13.5C15.1569 16.5 16.5 15.1569 16.5 13.5V6C16.5 4.34315 15.1569 3 13.5 3Z\" stroke=\"#EC7700\" stroke-width=\"2\" stroke-linecap=\"round\" stroke-linejoin=\"round\"><\/path><path d=\"M6 1.5V4.5M12 1.5V4.5M1.5 7.5H16.5\" stroke=\"#EC7700\" stroke-width=\"2\" stroke-linecap=\"round\" stroke-linejoin=\"round\"><\/path><\/g><defs><clipPath id=\"clip0_546_1590\"><rect width=\"18\" height=\"18\" fill=\"white\"><\/rect><\/clipPath><\/defs><\/svg>\t\t\t<\/div>\n\t\t<\/div>\n\t\t\t\t\t\t<\/div>\n\t\t\t\t<div class=\"elementor-element elementor-element-18be95d elementor-widget elementor-widget-text-editor\" data-id=\"18be95d\" data-element_type=\"widget\" data-e-type=\"widget\" data-widget_type=\"text-editor.default\">\n\t\t\t\t\t\t\t\t\t<p><strong>Date<\/strong>: Every Sunday in June and July (weather permitting) 6am<\/p>\t\t\t\t\t\t\t\t<\/div>\n\t\t\t\t<\/div>\n\t\t<div class=\"elementor-element elementor-element-18887b9 e-con-full e-flex e-con e-child\" data-id=\"18887b9\" data-element_type=\"container\" data-e-type=\"container\">\n\t\t\t\t<div class=\"elementor-element elementor-element-5fda401 elementor-widget__width-initial elementor-view-default elementor-widget elementor-widget-icon\" data-id=\"5fda401\" data-element_type=\"widget\" data-e-type=\"widget\" data-widget_type=\"icon.default\">\n\t\t\t\t\t\t\t<div class=\"elementor-icon-wrapper\">\n\t\t\t<div class=\"elementor-icon\">\n\t\t\t<svg xmlns=\"http:\/\/www.w3.org\/2000\/svg\" width=\"24\" height=\"24\" viewBox=\"0 0 24 24\" fill=\"none\"><path d=\"M20 10C20 16.5 12 22 12 22C12 22 4 16.5 4 10C4 7.87827 4.84285 5.84344 6.34315 4.34315C7.84344 2.84285 9.87827 2 12 2C14.1217 2 16.1566 2.84285 17.6569 4.34315C19.1571 5.84344 20 7.87827 20 10Z\" stroke=\"#EC7700\" stroke-width=\"2\"><\/path><path d=\"M15 10C15 10.7956 14.6839 11.5587 14.1213 12.1213C13.5587 12.6839 12.7956 13 12 13C11.2044 13 10.4413 12.6839 9.87868 12.1213C9.31607 11.5587 9 10.7956 9 10C9 9.20435 9.31607 8.44129 9.87868 7.87868C10.4413 7.31607 11.2044 7 12 7C12.7956 7 13.5587 7.31607 14.1213 7.87868C14.6839 8.44129 15 9.20435 15 10Z\" stroke=\"#EC7700\" stroke-width=\"2\"><\/path><\/svg>\t\t\t<\/div>\n\t\t<\/div>\n\t\t\t\t\t\t<\/div>\n\t\t\t\t<div class=\"elementor-element elementor-element-0074588 elementor-widget elementor-widget-text-editor\" data-id=\"0074588\" data-element_type=\"widget\" data-e-type=\"widget\" data-widget_type=\"text-editor.default\">\n\t\t\t\t\t\t\t\t\t<p><strong>Location<\/strong>: Shaka Surf Castelldefels<br>Passeig Mar\u00edtim de les Botigues, 37 \u0131 08860 \u0131 Sitges \u0131 Barcelona<\/p>\t\t\t\t\t\t\t\t<\/div>\n\t\t\t\t<\/div>\n\t\t<div class=\"elementor-element elementor-element-de26c10 e-con-full e-flex e-con e-child\" data-id=\"de26c10\" data-element_type=\"container\" data-e-type=\"container\">\n\t\t\t\t<div class=\"elementor-element elementor-element-61c6a13 elementor-widget__width-initial elementor-view-default elementor-widget elementor-widget-icon\" data-id=\"61c6a13\" data-element_type=\"widget\" data-e-type=\"widget\" data-widget_type=\"icon.default\">\n\t\t\t\t\t\t\t<div class=\"elementor-icon-wrapper\">\n\t\t\t<div class=\"elementor-icon\">\n\t\t\t<svg xmlns=\"http:\/\/www.w3.org\/2000\/svg\" width=\"24\" height=\"24\" viewBox=\"0 0 24 24\" fill=\"none\"><path d=\"M12 11V16M12 21C10.8181 21 9.64778 20.7672 8.55585 20.3149C7.46392 19.8626 6.47177 19.1997 5.63604 18.364C4.80031 17.5282 4.13738 16.5361 3.68508 15.4442C3.23279 14.3522 3 13.1819 3 12C3 10.8181 3.23279 9.64778 3.68508 8.55585C4.13738 7.46392 4.80031 6.47177 5.63604 5.63604C6.47177 4.80031 7.46392 4.13738 8.55585 3.68508C9.64778 3.23279 10.8181 3 12 3C14.3869 3 16.6761 3.94821 18.364 5.63604C20.0518 7.32387 21 9.61305 21 12C21 14.3869 20.0518 16.6761 18.364 18.364C16.6761 20.0518 14.3869 21 12 21ZM12.05 8V8.1H11.95V8H12.05Z\" stroke=\"#EC7700\" stroke-width=\"2\" stroke-linecap=\"round\" stroke-linejoin=\"round\"><\/path><\/svg>\t\t\t<\/div>\n\t\t<\/div>\n\t\t\t\t\t\t<\/div>\n\t\t\t\t<div class=\"elementor-element elementor-element-6a033fa elementor-widget elementor-widget-text-editor\" data-id=\"6a033fa\" data-element_type=\"widget\" data-e-type=\"widget\" data-widget_type=\"text-editor.default\">\n\t\t\t\t\t\t\t\t\t<p><strong>Information and bookings:<\/strong><\/p>\n<p>Fany +34 635 70 01 34 <br>Tato +34 616 953 339<\/p>\t\t\t\t\t\t\t\t<\/div>\n\t\t\t\t<\/div>\n\t\t\t\t<\/div>\n\t\t\t\t\t<\/div>\n\t\t\t\t<\/div>\n\t\t\t\t<\/div>\n\t\t","protected":false},"excerpt":{"rendered":"<p>SUP Yoga &amp; Ice Bath Yoga Hipiclub by Shaka Surf Castelldefels At Yoga Hipiclub, we invite you to enjoy a unique experience where yoga meets the sea: SUP Yoga in collaboration with Shaka Surf Castelldefels. An initiative designed to take you off the mat, connect with nature and explore physical and mental balance in a [&hellip;]<\/p>\n","protected":false},"author":2,"featured_media":0,"parent":2318,"menu_order":0,"comment_status":"closed","ping_status":"closed","template":"elementor_header_footer","meta":{"inline_featured_image":false,"footnotes":""},"class_list":["post-2237","page","type-page","status-publish","hentry"],"yoast_head":"<!-- This site is optimized with the Yoast SEO plugin v27.1.1 - https:\/\/yoast.com\/product\/yoast-seo-wordpress\/ -->\n<title>SUP Yoga &amp; Ice Bath - Yoga Hipiclub<\/title>\n<meta name=\"robots\" content=\"index, follow, max-snippet:-1, max-image-preview:large, max-video-preview:-1\" \/>\n<link rel=\"canonical\" href=\"https:\/\/yogahipiclub.com\/en\/activities\/sup-yoga-ice-bath\/\" \/>\n<meta property=\"og:locale\" content=\"en_US\" \/>\n<meta property=\"og:type\" content=\"article\" \/>\n<meta property=\"og:title\" content=\"SUP Yoga &amp; Ice Bath - Yoga Hipiclub\" \/>\n<meta property=\"og:description\" content=\"SUP Yoga &amp; Ice Bath Yoga Hipiclub by Shaka Surf Castelldefels At Yoga Hipiclub, we invite you to enjoy a unique experience where yoga meets the sea: SUP Yoga in collaboration with Shaka Surf Castelldefels. An initiative designed to take you off the mat, connect with nature and explore physical and mental balance in a [&hellip;]\" \/>\n<meta property=\"og:url\" content=\"https:\/\/yogahipiclub.com\/en\/activities\/sup-yoga-ice-bath\/\" \/>\n<meta property=\"og:site_name\" content=\"Yoga Hipiclub\" \/>\n<meta property=\"article:publisher\" content=\"https:\/\/www.facebook.com\/yogahipiclub\/\" \/>\n<meta property=\"article:modified_time\" content=\"2026-03-10T08:56:38+00:00\" \/>\n<meta property=\"og:image\" content=\"https:\/\/yogahipiclub.com\/wp-content\/uploads\/2026\/01\/Ceremonia-de-cacao-2025-YogaHipiclub-1-8.png\" \/>\n\t<meta property=\"og:image:width\" content=\"356\" \/>\n\t<meta property=\"og:image:height\" content=\"356\" \/>\n\t<meta property=\"og:image:type\" content=\"image\/png\" \/>\n<meta name=\"twitter:card\" content=\"summary_large_image\" \/>\n<meta name=\"twitter:label1\" content=\"Est. reading time\" \/>\n\t<meta name=\"twitter:data1\" content=\"1 minute\" \/>\n<script type=\"application\/ld+json\" class=\"yoast-schema-graph\">{\"@context\":\"https:\/\/schema.org\",\"@graph\":[{\"@type\":\"WebPage\",\"@id\":\"https:\/\/yogahipiclub.com\/en\/activities\/sup-yoga-ice-bath\/\",\"url\":\"https:\/\/yogahipiclub.com\/en\/activities\/sup-yoga-ice-bath\/\",\"name\":\"SUP Yoga &amp; Ice Bath - Yoga Hipiclub\",\"isPartOf\":{\"@id\":\"https:\/\/yogahipiclub.com\/en\/#website\"},\"primaryImageOfPage\":{\"@id\":\"https:\/\/yogahipiclub.com\/en\/activities\/sup-yoga-ice-bath\/#primaryimage\"},\"image\":{\"@id\":\"https:\/\/yogahipiclub.com\/en\/activities\/sup-yoga-ice-bath\/#primaryimage\"},\"thumbnailUrl\":\"https:\/\/yogahipiclub.com\/wp-content\/uploads\/2026\/01\/Ceremonia-de-cacao-2025-YogaHipiclub-1-8.png\",\"datePublished\":\"2026-01-14T09:49:55+00:00\",\"dateModified\":\"2026-03-10T08:56:38+00:00\",\"breadcrumb\":{\"@id\":\"https:\/\/yogahipiclub.com\/en\/activities\/sup-yoga-ice-bath\/#breadcrumb\"},\"inLanguage\":\"en-US\",\"potentialAction\":[{\"@type\":\"ReadAction\",\"target\":[\"https:\/\/yogahipiclub.com\/en\/activities\/sup-yoga-ice-bath\/\"]}]},{\"@type\":\"ImageObject\",\"inLanguage\":\"en-US\",\"@id\":\"https:\/\/yogahipiclub.com\/en\/activities\/sup-yoga-ice-bath\/#primaryimage\",\"url\":\"https:\/\/yogahipiclub.com\/wp-content\/uploads\/2026\/01\/Ceremonia-de-cacao-2025-YogaHipiclub-1-8.png\",\"contentUrl\":\"https:\/\/yogahipiclub.com\/wp-content\/uploads\/2026\/01\/Ceremonia-de-cacao-2025-YogaHipiclub-1-8.png\"},{\"@type\":\"BreadcrumbList\",\"@id\":\"https:\/\/yogahipiclub.com\/en\/activities\/sup-yoga-ice-bath\/#breadcrumb\",\"itemListElement\":[{\"@type\":\"ListItem\",\"position\":1,\"name\":\"Home\",\"item\":\"https:\/\/yogahipiclub.com\/en\/\"},{\"@type\":\"ListItem\",\"position\":2,\"name\":\"Activities\",\"item\":\"https:\/\/yogahipiclub.com\/en\/activities\/\"},{\"@type\":\"ListItem\",\"position\":3,\"name\":\"SUP Yoga &amp; Ice Bath\"}]},{\"@type\":\"WebSite\",\"@id\":\"https:\/\/yogahipiclub.com\/en\/#website\",\"url\":\"https:\/\/yogahipiclub.com\/en\/\",\"name\":\"Yoga Hipiclub\",\"description\":\"\",\"publisher\":{\"@id\":\"https:\/\/yogahipiclub.com\/en\/#organization\"},\"potentialAction\":[{\"@type\":\"SearchAction\",\"target\":{\"@type\":\"EntryPoint\",\"urlTemplate\":\"https:\/\/yogahipiclub.com\/en\/?s={search_term_string}\"},\"query-input\":{\"@type\":\"PropertyValueSpecification\",\"valueRequired\":true,\"valueName\":\"search_term_string\"}}],\"inLanguage\":\"en-US\"},{\"@type\":\"Organization\",\"@id\":\"https:\/\/yogahipiclub.com\/en\/#organization\",\"name\":\"Yoga Hipiclub\",\"url\":\"https:\/\/yogahipiclub.com\/en\/\",\"logo\":{\"@type\":\"ImageObject\",\"inLanguage\":\"en-US\",\"@id\":\"https:\/\/yogahipiclub.com\/en\/#\/schema\/logo\/image\/\",\"url\":\"https:\/\/yogahipiclub.com\/wp-content\/uploads\/2025\/12\/logo-oscuro-yogahipiclub.png\",\"contentUrl\":\"https:\/\/yogahipiclub.com\/wp-content\/uploads\/2025\/12\/logo-oscuro-yogahipiclub.png\",\"width\":144,\"height\":87,\"caption\":\"Yoga Hipiclub\"},\"image\":{\"@id\":\"https:\/\/yogahipiclub.com\/en\/#\/schema\/logo\/image\/\"},\"sameAs\":[\"https:\/\/www.facebook.com\/yogahipiclub\/\",\"https:\/\/www.youtube.com\/channel\/UCMlX4U3GQX4JiZmSBAQEbyg\",\"https:\/\/www.instagram.com\/yogahipiclub\/\"]}]}<\/script>\n<!-- \/ Yoast SEO plugin. -->","yoast_head_json":{"title":"SUP Yoga &amp; Ice Bath - Yoga Hipiclub","robots":{"index":"index","follow":"follow","max-snippet":"max-snippet:-1","max-image-preview":"max-image-preview:large","max-video-preview":"max-video-preview:-1"},"canonical":"https:\/\/yogahipiclub.com\/en\/activities\/sup-yoga-ice-bath\/","og_locale":"en_US","og_type":"article","og_title":"SUP Yoga &amp; Ice Bath - Yoga Hipiclub","og_description":"SUP Yoga &amp; Ice Bath Yoga Hipiclub by Shaka Surf Castelldefels At Yoga Hipiclub, we invite you to enjoy a unique experience where yoga meets the sea: SUP Yoga in collaboration with Shaka Surf Castelldefels. An initiative designed to take you off the mat, connect with nature and explore physical and mental balance in a [&hellip;]","og_url":"https:\/\/yogahipiclub.com\/en\/activities\/sup-yoga-ice-bath\/","og_site_name":"Yoga Hipiclub","article_publisher":"https:\/\/www.facebook.com\/yogahipiclub\/","article_modified_time":"2026-03-10T08:56:38+00:00","og_image":[{"width":356,"height":356,"url":"https:\/\/yogahipiclub.com\/wp-content\/uploads\/2026\/01\/Ceremonia-de-cacao-2025-YogaHipiclub-1-8.png","type":"image\/png"}],"twitter_card":"summary_large_image","twitter_misc":{"Est. reading time":"1 minute"},"schema":{"@context":"https:\/\/schema.org","@graph":[{"@type":"WebPage","@id":"https:\/\/yogahipiclub.com\/en\/activities\/sup-yoga-ice-bath\/","url":"https:\/\/yogahipiclub.com\/en\/activities\/sup-yoga-ice-bath\/","name":"SUP Yoga &amp; Ice Bath - Yoga Hipiclub","isPartOf":{"@id":"https:\/\/yogahipiclub.com\/en\/#website"},"primaryImageOfPage":{"@id":"https:\/\/yogahipiclub.com\/en\/activities\/sup-yoga-ice-bath\/#primaryimage"},"image":{"@id":"https:\/\/yogahipiclub.com\/en\/activities\/sup-yoga-ice-bath\/#primaryimage"},"thumbnailUrl":"https:\/\/yogahipiclub.com\/wp-content\/uploads\/2026\/01\/Ceremonia-de-cacao-2025-YogaHipiclub-1-8.png","datePublished":"2026-01-14T09:49:55+00:00","dateModified":"2026-03-10T08:56:38+00:00","breadcrumb":{"@id":"https:\/\/yogahipiclub.com\/en\/activities\/sup-yoga-ice-bath\/#breadcrumb"},"inLanguage":"en-US","potentialAction":[{"@type":"ReadAction","target":["https:\/\/yogahipiclub.com\/en\/activities\/sup-yoga-ice-bath\/"]}]},{"@type":"ImageObject","inLanguage":"en-US","@id":"https:\/\/yogahipiclub.com\/en\/activities\/sup-yoga-ice-bath\/#primaryimage","url":"https:\/\/yogahipiclub.com\/wp-content\/uploads\/2026\/01\/Ceremonia-de-cacao-2025-YogaHipiclub-1-8.png","contentUrl":"https:\/\/yogahipiclub.com\/wp-content\/uploads\/2026\/01\/Ceremonia-de-cacao-2025-YogaHipiclub-1-8.png"},{"@type":"BreadcrumbList","@id":"https:\/\/yogahipiclub.com\/en\/activities\/sup-yoga-ice-bath\/#breadcrumb","itemListElement":[{"@type":"ListItem","position":1,"name":"Home","item":"https:\/\/yogahipiclub.com\/en\/"},{"@type":"ListItem","position":2,"name":"Activities","item":"https:\/\/yogahipiclub.com\/en\/activities\/"},{"@type":"ListItem","position":3,"name":"SUP Yoga &amp; Ice Bath"}]},{"@type":"WebSite","@id":"https:\/\/yogahipiclub.com\/en\/#website","url":"https:\/\/yogahipiclub.com\/en\/","name":"Yoga Hipiclub","description":"","publisher":{"@id":"https:\/\/yogahipiclub.com\/en\/#organization"},"potentialAction":[{"@type":"SearchAction","target":{"@type":"EntryPoint","urlTemplate":"https:\/\/yogahipiclub.com\/en\/?s={search_term_string}"},"query-input":{"@type":"PropertyValueSpecification","valueRequired":true,"valueName":"search_term_string"}}],"inLanguage":"en-US"},{"@type":"Organization","@id":"https:\/\/yogahipiclub.com\/en\/#organization","name":"Yoga Hipiclub","url":"https:\/\/yogahipiclub.com\/en\/","logo":{"@type":"ImageObject","inLanguage":"en-US","@id":"https:\/\/yogahipiclub.com\/en\/#\/schema\/logo\/image\/","url":"https:\/\/yogahipiclub.com\/wp-content\/uploads\/2025\/12\/logo-oscuro-yogahipiclub.png","contentUrl":"https:\/\/yogahipiclub.com\/wp-content\/uploads\/2025\/12\/logo-oscuro-yogahipiclub.png","width":144,"height":87,"caption":"Yoga Hipiclub"},"image":{"@id":"https:\/\/yogahipiclub.com\/en\/#\/schema\/logo\/image\/"},"sameAs":["https:\/\/www.facebook.com\/yogahipiclub\/","https:\/\/www.youtube.com\/channel\/UCMlX4U3GQX4JiZmSBAQEbyg","https:\/\/www.instagram.com\/yogahipiclub\/"]}]}},"_links":{"self":[{"href":"https:\/\/yogahipiclub.com\/en\/wp-json\/wp\/v2\/pages\/2237","targetHints":{"allow":["GET"]}}],"collection":[{"href":"https:\/\/yogahipiclub.com\/en\/wp-json\/wp\/v2\/pages"}],"about":[{"href":"https:\/\/yogahipiclub.com\/en\/wp-json\/wp\/v2\/types\/page"}],"author":[{"embeddable":true,"href":"https:\/\/yogahipiclub.com\/en\/wp-json\/wp\/v2\/users\/2"}],"replies":[{"embeddable":true,"href":"https:\/\/yogahipiclub.com\/en\/wp-json\/wp\/v2\/comments?post=2237"}],"version-history":[{"count":1,"href":"https:\/\/yogahipiclub.com\/en\/wp-json\/wp\/v2\/pages\/2237\/revisions"}],"predecessor-version":[{"id":2239,"href":"https:\/\/yogahipiclub.com\/en\/wp-json\/wp\/v2\/pages\/2237\/revisions\/2239"}],"up":[{"embeddable":true,"href":"https:\/\/yogahipiclub.com\/en\/wp-json\/wp\/v2\/pages\/2318"}],"wp:attachment":[{"href":"https:\/\/yogahipiclub.com\/en\/wp-json\/wp\/v2\/media?parent=2237"}],"curies":[{"name":"wp","href":"https:\/\/api.w.org\/{rel}","templated":true}]}}